{"id":972,"date":"2025-05-05T13:25:34","date_gmt":"2025-05-05T11:25:34","guid":{"rendered":"https:\/\/ferienhaus-buchholz-horumersiel.de\/?page_id=972"},"modified":"2025-09-08T07:18:18","modified_gmt":"2025-09-08T05:18:18","slug":"waeschepaket","status":"publish","type":"page","link":"https:\/\/ferienhaus-buchholz-horumersiel.de\/?page_id=972","title":{"rendered":"W\u00e4schepaket"},"content":{"rendered":"\n<p>Um Deinen Urlaub von Anfang an so angenehm wie m\u00f6glich zu gestalten, buche einfach ein komplettes W\u00e4schepaket zu Deinem Aufenthalt dazu.<\/p>\n\n\n\n<p>Folgende Pakete sind verf\u00fcgbar:<\/p>\n\n\n\n<p class=\"has-medium-font-size\">W\u00e4schepaket f\u00fcr eine Person<\/p>\n\n\n\n<p>1x Bettlaken ( 140 cm x 200 cm)<br>1x Kopfkissen<br>1x Bettbezug<br>2x Handtuch<br>1x Badetuch<br>1x Duschvorleger<br>2x Geschirrtuch<br><br>Preis: 29,50\u20ac<\/p>\n\n\n\n<p><\/p>\n\n\n\n<p class=\"has-medium-font-size\"><\/p>\n\n\n\n<p class=\"has-medium-font-size\">W\u00e4schepaket f\u00fcr zwei Personen<\/p>\n\n\n\n<p>Wie das W\u00e4schepaket f\u00fcr eine Person, zus\u00e4tzlich:<br>1x Kopfkissenbezug<br>1x Bettbezug<br>2x Handtuch<br>1x Badetuch<br>1x Geschirrtuch<br><br>Preis: 49,40\u20ac<\/p>\n\n\n\n<p><\/p>\n\n\n\n<p><\/p>\n\n\n\n<p class=\"has-medium-font-size\">W\u00e4schepaket f\u00fcr drei Personen zus\u00e4tzlich:<\/p>\n\n\n\n<p>Wie das W\u00e4schepaket f\u00fcr zwei Personen, zus\u00e4tzlich:<br>1x Bettlaken ( 100 cm x 200 cm)<br>1x Kopfkissenbezug<br>1x Bettbezug 2x Handtuch<br>1x Badetuch<br><br>Preis: 69,30\u20ac<\/p>\n\n\n\n<p><\/p>\n\n\n\n<p class=\"has-medium-font-size\">W\u00e4schepaket f\u00fcr vier Personen zus\u00e4tzlich:<\/p>\n\n\n\n<p>Wie das W\u00e4schepaket f\u00fcr drei Personen, zus\u00e4tzlich:<br>1x Bettlaken ( 100 cm x 200 cm)<br>1x Kopfkissenbezug<br>1x Bettbezug 2x Handtuch<br>1x Badetuch<br><br>Preis: 89,20\u20ac<\/p>\n","protected":false},"excerpt":{"rendered":"<p>Um Deinen Urlaub von Anfang an so angenehm wie m\u00f6glich zu gestalten, buche einfach ein komplettes W\u00e4schepaket zu Deinem Aufenthalt dazu. Folgende Pakete sind verf\u00fcgbar: W\u00e4schepaket f\u00fcr eine Person 1x Bettlaken ( 140 cm x 200 cm)1x Kopfkissen1x Bettbezug2x Handtuch1x Badetuch1x Duschvorleger2x Geschirrtuch Preis: 29,50\u20ac <span class=\"ellipsis\">&hellip;<\/span> <span class=\"more-link-wrap\"><a href=\"https:\/\/ferienhaus-buchholz-horumersiel.de\/?page_id=972\" class=\"more-link\"><span>Read More<\/span><\/a><\/span><\/p>\n","protected":false},"author":1,"featured_media":0,"parent":0,"menu_order":0,"comment_status":"closed","ping_status":"closed","template":"","meta":{"footnotes":""},"class_list":["post-972","page","type-page","status-publish","hentry"],"jetpack_sharing_enabled":true,"_links":{"self":[{"href":"https:\/\/ferienhaus-buchholz-horumersiel.de\/index.php?rest_route=\/wp\/v2\/pages\/972","targetHints":{"allow":["GET"]}}],"collection":[{"href":"https:\/\/ferienhaus-buchholz-horumersiel.de\/index.php?rest_route=\/wp\/v2\/pages"}],"about":[{"href":"https:\/\/ferienhaus-buchholz-horumersiel.de\/index.php?rest_route=\/wp\/v2\/types\/page"}],"author":[{"embeddable":true,"href":"https:\/\/ferienhaus-buchholz-horumersiel.de\/index.php?rest_route=\/wp\/v2\/users\/1"}],"replies":[{"embeddable":true,"href":"https:\/\/ferienhaus-buchholz-horumersiel.de\/index.php?rest_route=%2Fwp%2Fv2%2Fcomments&post=972"}],"version-history":[{"count":8,"href":"https:\/\/ferienhaus-buchholz-horumersiel.de\/index.php?rest_route=\/wp\/v2\/pages\/972\/revisions"}],"predecessor-version":[{"id":1002,"href":"https:\/\/ferienhaus-buchholz-horumersiel.de\/index.php?rest_route=\/wp\/v2\/pages\/972\/revisions\/1002"}],"wp:attachment":[{"href":"https:\/\/ferienhaus-buchholz-horumersiel.de\/index.php?rest_route=%2Fwp%2Fv2%2Fmedia&parent=972"}],"curies":[{"name":"wp","href":"https:\/\/api.w.org\/{rel}","templated":true}]}}