{"id":75,"date":"2013-03-19T14:38:19","date_gmt":"2013-03-19T12:38:19","guid":{"rendered":"http:\/\/test.ferienhaus-buchholz-horumersiel.de\/?page_id=75"},"modified":"2025-10-31T18:35:45","modified_gmt":"2025-10-31T16:35:45","slug":"impressum","status":"publish","type":"page","link":"https:\/\/ferienhaus-buchholz-horumersiel.de\/?page_id=75","title":{"rendered":"Impressum"},"content":{"rendered":"<p><strong>Herausgeber<\/strong><br \/>\n(verantwortlich f\u00fcr den Inhalt)<\/p>\n<p>Ferienhaus Buchholz<br \/>\nJens Buchholz<br \/>\nFahrenhorster Str. 20<br \/>\n38474 T\u00fclau<\/p>\n<p>05833-955728 abends<\/p>\n<p>05363-2556\u00a0\u00a0\u00a0\u00a0 tags\u00fcber<\/p>\n<p>info@ferienhaus-buchholz-horumersiel.de<\/p>\n<p><strong data-rich-text-format-boundary=\"true\">OS &#8211; Plattform<br data-rich-text-line-break=\"true\" \/><\/strong>Die Europ\u00e4ische Kommission stellt eine Plattform f\u00fcr die au\u00dfergerichtliche Online-Streitbeilegung (OS-Plattform) bereit, die\u00a0unter <a href=\"http:\/\/www.ec.europa.eu\/consumers\/odr\" target=\"_blank\" rel=\"noreferrer noopener\">www.ec.europa.eu\/consumers\/odr<\/a>\u00a0aufrufbar\u00a0ist.\u00a0Unsere E-Mail-Adresse finden Sie in unserem Impressum.\u00a0Wir sind weder verpflichtet noch bereit, an dem Streitschlichtungsverfahren teilzunehmen.<\/p>\n<p><strong>Copyright<\/strong><br \/>\nFotos und Texte auf den Webseiten Ferienhaus Buchholz sind urheberrechtlich gesch\u00fctzt und d\u00fcrfen nicht frei verwendet werden. Neben selbst produzierten Bildern und Grafiken finden Sie auf dieser Internetpr\u00e4senz ausgew\u00e4hltes Bildmaterial unter Einhaltung der Nutzungsbedingungen von www.aboutpixel.de (Startseite &#8211; Noch mehr Meer, \u00a9 Sabine Smola).<br \/>\nHinweis Haftungsausschluss<br \/>\nTrotz sorgf\u00e4ltiger inhaltlicher Kontrolle \u00fcbernehmen wir keine Haftung f\u00fcr die Inhalte externer Links. Wir betonen ausdr\u00fccklich, dass wir auf die Gestaltung und die Inhalte der verlinkten Seiten keinerlei Einfluss haben. F\u00fcr den Inhalt der verlinkten Seiten sind ausschlie\u00dflich deren Betreiber verantwortlich. Diese Erkl\u00e4rung gilt f\u00fcr alle auf unseren Seiten angebrachten Links zu fremden Seiten.<\/p>\n","protected":false},"excerpt":{"rendered":"<p>Herausgeber (verantwortlich f\u00fcr den Inhalt) Ferienhaus Buchholz Jens Buchholz Fahrenhorster Str. 20 38474 T\u00fclau 05833-955728 abends 05363-2556\u00a0\u00a0\u00a0\u00a0 tags\u00fcber info@ferienhaus-buchholz-horumersiel.de OS &#8211; PlattformDie Europ\u00e4ische Kommission stellt eine Plattform f\u00fcr die au\u00dfergerichtliche Online-Streitbeilegung (OS-Plattform) bereit, die\u00a0unter www.ec.europa.eu\/consumers\/odr\u00a0aufrufbar\u00a0ist.\u00a0Unsere E-Mail-Adresse finden Sie in unserem Impressum.\u00a0Wir sind weder verpflichtet noch <span class=\"ellipsis\">&hellip;<\/span> <span class=\"more-link-wrap\"><a href=\"https:\/\/ferienhaus-buchholz-horumersiel.de\/?page_id=75\" class=\"more-link\"><span>Read More<\/span><\/a><\/span><\/p>\n","protected":false},"author":1,"featured_media":0,"parent":65,"menu_order":0,"comment_status":"closed","ping_status":"open","template":"","meta":{"footnotes":""},"class_list":["post-75","page","type-page","status-publish","hentry"],"jetpack_sharing_enabled":true,"_links":{"self":[{"href":"https:\/\/ferienhaus-buchholz-horumersiel.de\/index.php?rest_route=\/wp\/v2\/pages\/75","targetHints":{"allow":["GET"]}}],"collection":[{"href":"https:\/\/ferienhaus-buchholz-horumersiel.de\/index.php?rest_route=\/wp\/v2\/pages"}],"about":[{"href":"https:\/\/ferienhaus-buchholz-horumersiel.de\/index.php?rest_route=\/wp\/v2\/types\/page"}],"author":[{"embeddable":true,"href":"https:\/\/ferienhaus-buchholz-horumersiel.de\/index.php?rest_route=\/wp\/v2\/users\/1"}],"replies":[{"embeddable":true,"href":"https:\/\/ferienhaus-buchholz-horumersiel.de\/index.php?rest_route=%2Fwp%2Fv2%2Fcomments&post=75"}],"version-history":[{"count":7,"href":"https:\/\/ferienhaus-buchholz-horumersiel.de\/index.php?rest_route=\/wp\/v2\/pages\/75\/revisions"}],"predecessor-version":[{"id":1010,"href":"https:\/\/ferienhaus-buchholz-horumersiel.de\/index.php?rest_route=\/wp\/v2\/pages\/75\/revisions\/1010"}],"up":[{"embeddable":true,"href":"https:\/\/ferienhaus-buchholz-horumersiel.de\/index.php?rest_route=\/wp\/v2\/pages\/65"}],"wp:attachment":[{"href":"https:\/\/ferienhaus-buchholz-horumersiel.de\/index.php?rest_route=%2Fwp%2Fv2%2Fmedia&parent=75"}],"curies":[{"name":"wp","href":"https:\/\/api.w.org\/{rel}","templated":true}]}}