{"id":58,"date":"2013-03-19T14:01:38","date_gmt":"2013-03-19T12:01:38","guid":{"rendered":"http:\/\/test.ferienhaus-buchholz-horumersiel.de\/?page_id=58"},"modified":"2019-07-15T14:52:52","modified_gmt":"2019-07-15T12:52:52","slug":"strandkorb","status":"publish","type":"page","link":"https:\/\/ferienhaus-buchholz-horumersiel.de\/?page_id=58","title":{"rendered":"Strandkorb"},"content":{"rendered":"<p>Ein Strandkorb ist f\u00fcr unsere G\u00e4ste w\u00e4hrend der allgemeinen Aufstellzeiten inklusive.<\/p>\n<p>Der Strandkorbschl\u00fcssel befindet sich im Haus am Schl\u00fcsselbrett.<\/p>\n<p><a href=\"https:\/\/ferienhaus-buchholz-horumersiel.de\/wp-content\/uploads\/2013\/03\/strandkorbammeer.jpg\"><img loading=\"lazy\" decoding=\"async\" class=\"alignnone size-medium wp-image-246\" src=\"https:\/\/ferienhaus-buchholz-horumersiel.de\/wp-content\/uploads\/2013\/03\/strandkorbammeer-300x225.jpg\" alt=\"strandkorbammeer\" width=\"300\" height=\"225\" srcset=\"https:\/\/ferienhaus-buchholz-horumersiel.de\/wp-content\/uploads\/2013\/03\/strandkorbammeer-300x225.jpg 300w, https:\/\/ferienhaus-buchholz-horumersiel.de\/wp-content\/uploads\/2013\/03\/strandkorbammeer.jpg 800w\" sizes=\"auto, (max-width: 300px) 100vw, 300px\" \/><\/a><\/p>\n","protected":false},"excerpt":{"rendered":"<p>Ein Strandkorb ist f\u00fcr unsere G\u00e4ste w\u00e4hrend der allgemeinen Aufstellzeiten inklusive. Der Strandkorbschl\u00fcssel befindet sich im Haus am Schl\u00fcsselbrett.<\/p>\n","protected":false},"author":1,"featured_media":0,"parent":54,"menu_order":0,"comment_status":"closed","ping_status":"open","template":"","meta":{"footnotes":""},"class_list":["post-58","page","type-page","status-publish","hentry"],"jetpack_sharing_enabled":true,"_links":{"self":[{"href":"https:\/\/ferienhaus-buchholz-horumersiel.de\/index.php?rest_route=\/wp\/v2\/pages\/58","targetHints":{"allow":["GET"]}}],"collection":[{"href":"https:\/\/ferienhaus-buchholz-horumersiel.de\/index.php?rest_route=\/wp\/v2\/pages"}],"about":[{"href":"https:\/\/ferienhaus-buchholz-horumersiel.de\/index.php?rest_route=\/wp\/v2\/types\/page"}],"author":[{"embeddable":true,"href":"https:\/\/ferienhaus-buchholz-horumersiel.de\/index.php?rest_route=\/wp\/v2\/users\/1"}],"replies":[{"embeddable":true,"href":"https:\/\/ferienhaus-buchholz-horumersiel.de\/index.php?rest_route=%2Fwp%2Fv2%2Fcomments&post=58"}],"version-history":[{"count":7,"href":"https:\/\/ferienhaus-buchholz-horumersiel.de\/index.php?rest_route=\/wp\/v2\/pages\/58\/revisions"}],"predecessor-version":[{"id":389,"href":"https:\/\/ferienhaus-buchholz-horumersiel.de\/index.php?rest_route=\/wp\/v2\/pages\/58\/revisions\/389"}],"up":[{"embeddable":true,"href":"https:\/\/ferienhaus-buchholz-horumersiel.de\/index.php?rest_route=\/wp\/v2\/pages\/54"}],"wp:attachment":[{"href":"https:\/\/ferienhaus-buchholz-horumersiel.de\/index.php?rest_route=%2Fwp%2Fv2%2Fmedia&parent=58"}],"curies":[{"name":"wp","href":"https:\/\/api.w.org\/{rel}","templated":true}]}}