{"id":56,"date":"2013-03-19T14:01:20","date_gmt":"2013-03-19T12:01:20","guid":{"rendered":"http:\/\/test.ferienhaus-buchholz-horumersiel.de\/?page_id=56"},"modified":"2015-04-23T09:42:07","modified_gmt":"2015-04-23T07:42:07","slug":"garten","status":"publish","type":"page","link":"https:\/\/ferienhaus-buchholz-horumersiel.de\/?page_id=56","title":{"rendered":"Garten"},"content":{"rendered":"<p><a href=\"https:\/\/ferienhaus-buchholz-horumersiel.de\/wp-content\/uploads\/2013\/03\/Kaffeek.jpg\"><img loading=\"lazy\" decoding=\"async\" class=\"alignnone size-medium wp-image-240\" src=\"https:\/\/ferienhaus-buchholz-horumersiel.de\/wp-content\/uploads\/2013\/03\/Kaffeek-300x200.jpg\" alt=\"Kaffeek\" width=\"300\" height=\"200\" srcset=\"https:\/\/ferienhaus-buchholz-horumersiel.de\/wp-content\/uploads\/2013\/03\/Kaffeek-300x200.jpg 300w, https:\/\/ferienhaus-buchholz-horumersiel.de\/wp-content\/uploads\/2013\/03\/Kaffeek.jpg 1000w\" sizes=\"auto, (max-width: 300px) 100vw, 300px\" \/><\/a><\/p>\n<p>Im gro\u00dfen, sichtgesch\u00fctzten Garten befindet sich ein Strandkorb, in dem sie die Nachmittags- und Abendsonne genie\u00dfen k\u00f6nnen.<\/p>\n<p>Unter der \u00fcberdachten Terrasse ist eine Sitzm\u00f6glichkeit f\u00fcr 4 Personen<\/p>\n<p>&nbsp;<\/p>\n","protected":false},"excerpt":{"rendered":"<p>Im gro\u00dfen, sichtgesch\u00fctzten Garten befindet sich ein Strandkorb, in dem sie die Nachmittags- und Abendsonne genie\u00dfen k\u00f6nnen. Unter der \u00fcberdachten Terrasse ist eine Sitzm\u00f6glichkeit f\u00fcr 4 Personen &nbsp;<\/p>\n","protected":false},"author":1,"featured_media":0,"parent":54,"menu_order":0,"comment_status":"closed","ping_status":"open","template":"","meta":{"footnotes":""},"class_list":["post-56","page","type-page","status-publish","hentry"],"jetpack_sharing_enabled":true,"_links":{"self":[{"href":"https:\/\/ferienhaus-buchholz-horumersiel.de\/index.php?rest_route=\/wp\/v2\/pages\/56","targetHints":{"allow":["GET"]}}],"collection":[{"href":"https:\/\/ferienhaus-buchholz-horumersiel.de\/index.php?rest_route=\/wp\/v2\/pages"}],"about":[{"href":"https:\/\/ferienhaus-buchholz-horumersiel.de\/index.php?rest_route=\/wp\/v2\/types\/page"}],"author":[{"embeddable":true,"href":"https:\/\/ferienhaus-buchholz-horumersiel.de\/index.php?rest_route=\/wp\/v2\/users\/1"}],"replies":[{"embeddable":true,"href":"https:\/\/ferienhaus-buchholz-horumersiel.de\/index.php?rest_route=%2Fwp%2Fv2%2Fcomments&post=56"}],"version-history":[{"count":4,"href":"https:\/\/ferienhaus-buchholz-horumersiel.de\/index.php?rest_route=\/wp\/v2\/pages\/56\/revisions"}],"predecessor-version":[{"id":241,"href":"https:\/\/ferienhaus-buchholz-horumersiel.de\/index.php?rest_route=\/wp\/v2\/pages\/56\/revisions\/241"}],"up":[{"embeddable":true,"href":"https:\/\/ferienhaus-buchholz-horumersiel.de\/index.php?rest_route=\/wp\/v2\/pages\/54"}],"wp:attachment":[{"href":"https:\/\/ferienhaus-buchholz-horumersiel.de\/index.php?rest_route=%2Fwp%2Fv2%2Fmedia&parent=56"}],"curies":[{"name":"wp","href":"https:\/\/api.w.org\/{rel}","templated":true}]}}