{"id":31,"date":"2013-03-19T12:34:54","date_gmt":"2013-03-19T10:34:54","guid":{"rendered":"http:\/\/test.ferienhaus-buchholz-horumersiel.de\/?page_id=31"},"modified":"2020-05-25T09:19:39","modified_gmt":"2020-05-25T07:19:39","slug":"willkommen","status":"publish","type":"page","link":"https:\/\/ferienhaus-buchholz-horumersiel.de\/","title":{"rendered":"Willkommen"},"content":{"rendered":"<p><a href=\"https:\/\/ferienhaus-buchholz-horumersiel.de\/wp-content\/uploads\/2013\/03\/Moink.jpg\"><img loading=\"lazy\" decoding=\"async\" class=\"alignnone size-medium wp-image-236\" src=\"https:\/\/ferienhaus-buchholz-horumersiel.de\/wp-content\/uploads\/2013\/03\/Moink-300x200.jpg\" alt=\"Moink\" width=\"300\" height=\"200\" srcset=\"https:\/\/ferienhaus-buchholz-horumersiel.de\/wp-content\/uploads\/2013\/03\/Moink-300x200.jpg 300w, https:\/\/ferienhaus-buchholz-horumersiel.de\/wp-content\/uploads\/2013\/03\/Moink.jpg 1000w\" sizes=\"auto, (max-width: 300px) 100vw, 300px\" \/><\/a><\/p>\n<p>Wir hei\u00dfen Sie herzlich willkommen\u00a0 in unserem Ferienhaus in Horumersiel<\/p>\n<p>Wir w\u00fcrden uns freuen Sie bald als G\u00e4ste begr\u00fc\u00dfen zu d\u00fcrfen!<\/p>\n<ul>\n<li>Ferienhaus f\u00fcr maximal 4 Personen<\/li>\n<li>Reihenendhaus<\/li>\n<li>Gasheizung<\/li>\n<li>Kamin<\/li>\n<li>Garten mit Terrasse, Strandkorb und weiterer Sitzm\u00f6glichkeit<\/li>\n<li><strong>Mindestaufenthalt 5 \u00dcbernachtungen !<br \/><\/strong><\/li>\n<li>bei Interesse an k\u00fcrzeren Aufenthalten erfragen Sie die gesonderten Konditionen<\/li>\n<\/ul>\n<p>In einer ruhigen Seitenstrasse, ohne Durchgangsverkehr, direkt am Tief (Wasserlauf) gelegen.<\/p>\n<p>Unser Ferienhaus ist ein NICHTRAUCHERHAUS<\/p>\n<ul>\n<li>W-Lan Nutzung inklusive<\/li>\n<li>Die Entfernung zum Strand und zum Hafen betr\u00e4gt ca. 900 Meter<\/li>\n<li>Nutzung eines Strandkorbes am Strand von Horumersiel inklusive<\/li>\n<li>Horumersiel-Schillig ist einer der beliebtesten Urlaubsorte Deutschlands<\/li>\n<li>Geographische &#8222;Halbinsellage&#8220; mit maritimen Reizklima und mit sehr langem Grasstrand<\/li>\n<\/ul>\n\n\n<p><\/p>\n","protected":false},"excerpt":{"rendered":"<p>Wir hei\u00dfen Sie herzlich willkommen\u00a0 in unserem Ferienhaus in Horumersiel Wir w\u00fcrden uns freuen Sie bald als G\u00e4ste begr\u00fc\u00dfen zu d\u00fcrfen! Ferienhaus f\u00fcr maximal 4 Personen Reihenendhaus Gasheizung Kamin Garten mit Terrasse, Strandkorb und weiterer Sitzm\u00f6glichkeit Mindestaufenthalt 5 \u00dcbernachtungen ! bei Interesse an k\u00fcrzeren Aufenthalten <span class=\"ellipsis\">&hellip;<\/span> <span class=\"more-link-wrap\"><a href=\"https:\/\/ferienhaus-buchholz-horumersiel.de\/\" class=\"more-link\"><span>Read More<\/span><\/a><\/span><\/p>\n","protected":false},"author":1,"featured_media":0,"parent":0,"menu_order":10,"comment_status":"closed","ping_status":"open","template":"","meta":{"footnotes":""},"class_list":["post-31","page","type-page","status-publish","hentry"],"jetpack_sharing_enabled":true,"_links":{"self":[{"href":"https:\/\/ferienhaus-buchholz-horumersiel.de\/index.php?rest_route=\/wp\/v2\/pages\/31","targetHints":{"allow":["GET"]}}],"collection":[{"href":"https:\/\/ferienhaus-buchholz-horumersiel.de\/index.php?rest_route=\/wp\/v2\/pages"}],"about":[{"href":"https:\/\/ferienhaus-buchholz-horumersiel.de\/index.php?rest_route=\/wp\/v2\/types\/page"}],"author":[{"embeddable":true,"href":"https:\/\/ferienhaus-buchholz-horumersiel.de\/index.php?rest_route=\/wp\/v2\/users\/1"}],"replies":[{"embeddable":true,"href":"https:\/\/ferienhaus-buchholz-horumersiel.de\/index.php?rest_route=%2Fwp%2Fv2%2Fcomments&post=31"}],"version-history":[{"count":18,"href":"https:\/\/ferienhaus-buchholz-horumersiel.de\/index.php?rest_route=\/wp\/v2\/pages\/31\/revisions"}],"predecessor-version":[{"id":665,"href":"https:\/\/ferienhaus-buchholz-horumersiel.de\/index.php?rest_route=\/wp\/v2\/pages\/31\/revisions\/665"}],"wp:attachment":[{"href":"https:\/\/ferienhaus-buchholz-horumersiel.de\/index.php?rest_route=%2Fwp%2Fv2%2Fmedia&parent=31"}],"curies":[{"name":"wp","href":"https:\/\/api.w.org\/{rel}","templated":true}]}}