{"id":158,"date":"2015-01-01T17:11:21","date_gmt":"2015-01-01T15:11:21","guid":{"rendered":"http:\/\/test.ferienhaus-buchholz-horumersiel.de\/?page_id=158"},"modified":"2015-01-02T20:16:40","modified_gmt":"2015-01-02T18:16:40","slug":"hohenkirchen","status":"publish","type":"page","link":"https:\/\/ferienhaus-buchholz-horumersiel.de\/?page_id=158","title":{"rendered":"Hohenkirchen"},"content":{"rendered":"<p>Hohenkirchen ist mit seinen vielf\u00e4ltigen Einkaufsm\u00f6glichkeiten der Verwaltungssitz der Gemeinde Wangerland.<\/p>\n<p>Am n\u00f6rdlichen Ortsrand ist das ca. 100 ha gro\u00dfe Wangermeer angelegt, das zum Umwandern oder weitere Aktivit\u00e4ten einl\u00e4dt.<\/p>\n<p><a href=\"http:\/\/www.hohenkirchen.de\u00a0\">http:\/\/www.hohenkirchen.de\u00a0<\/a><\/p>\n","protected":false},"excerpt":{"rendered":"<p>Hohenkirchen ist mit seinen vielf\u00e4ltigen Einkaufsm\u00f6glichkeiten der Verwaltungssitz der Gemeinde Wangerland. Am n\u00f6rdlichen Ortsrand ist das ca. 100 ha gro\u00dfe Wangermeer angelegt, das zum Umwandern oder weitere Aktivit\u00e4ten einl\u00e4dt. http:\/\/www.hohenkirchen.de\u00a0<\/p>\n","protected":false},"author":2,"featured_media":0,"parent":115,"menu_order":3,"comment_status":"closed","ping_status":"open","template":"","meta":{"footnotes":""},"class_list":["post-158","page","type-page","status-publish","hentry"],"jetpack_sharing_enabled":true,"_links":{"self":[{"href":"https:\/\/ferienhaus-buchholz-horumersiel.de\/index.php?rest_route=\/wp\/v2\/pages\/158","targetHints":{"allow":["GET"]}}],"collection":[{"href":"https:\/\/ferienhaus-buchholz-horumersiel.de\/index.php?rest_route=\/wp\/v2\/pages"}],"about":[{"href":"https:\/\/ferienhaus-buchholz-horumersiel.de\/index.php?rest_route=\/wp\/v2\/types\/page"}],"author":[{"embeddable":true,"href":"https:\/\/ferienhaus-buchholz-horumersiel.de\/index.php?rest_route=\/wp\/v2\/users\/2"}],"replies":[{"embeddable":true,"href":"https:\/\/ferienhaus-buchholz-horumersiel.de\/index.php?rest_route=%2Fwp%2Fv2%2Fcomments&post=158"}],"version-history":[{"count":4,"href":"https:\/\/ferienhaus-buchholz-horumersiel.de\/index.php?rest_route=\/wp\/v2\/pages\/158\/revisions"}],"predecessor-version":[{"id":182,"href":"https:\/\/ferienhaus-buchholz-horumersiel.de\/index.php?rest_route=\/wp\/v2\/pages\/158\/revisions\/182"}],"up":[{"embeddable":true,"href":"https:\/\/ferienhaus-buchholz-horumersiel.de\/index.php?rest_route=\/wp\/v2\/pages\/115"}],"wp:attachment":[{"href":"https:\/\/ferienhaus-buchholz-horumersiel.de\/index.php?rest_route=%2Fwp%2Fv2%2Fmedia&parent=158"}],"curies":[{"name":"wp","href":"https:\/\/api.w.org\/{rel}","templated":true}]}}